{"id":47,"date":"2017-09-11T16:37:04","date_gmt":"2017-09-11T14:37:04","guid":{"rendered":"http:\/\/biker-of-mars.fr\/?page_id=47"},"modified":"2018-12-04T20:51:05","modified_gmt":"2018-12-04T19:51:05","slug":"qui-suis-je","status":"publish","type":"page","link":"http:\/\/biker-of-mars.fr\/index.php\/qui-suis-je\/","title":{"rendered":"Qui suis-je ?"},"content":{"rendered":"<p><img data-attachment-id=\"49\" data-permalink=\"http:\/\/biker-of-mars.fr\/index.php\/qui-suis-je\/avatar\/\" data-orig-file=\"https:\/\/i2.wp.com\/biker-of-mars.fr\/wp-content\/uploads\/2017\/09\/avatar.jpg?fit=768%2C1024\" data-orig-size=\"768,1024\" data-comments-opened=\"1\" data-image-meta=\"{&quot;aperture&quot;:&quot;0&quot;,&quot;credit&quot;:&quot;&quot;,&quot;camera&quot;:&quot;&quot;,&quot;caption&quot;:&quot;&quot;,&quot;created_timestamp&quot;:&quot;0&quot;,&quot;copyright&quot;:&quot;&quot;,&quot;focal_length&quot;:&quot;0&quot;,&quot;iso&quot;:&quot;0&quot;,&quot;shutter_speed&quot;:&quot;0&quot;,&quot;title&quot;:&quot;&quot;,&quot;orientation&quot;:&quot;0&quot;}\" data-image-title=\"avatar\" data-image-description=\"\" data-medium-file=\"https:\/\/i2.wp.com\/biker-of-mars.fr\/wp-content\/uploads\/2017\/09\/avatar.jpg?fit=225%2C300\" data-large-file=\"https:\/\/i2.wp.com\/biker-of-mars.fr\/wp-content\/uploads\/2017\/09\/avatar.jpg?fit=768%2C1024\" decoding=\"async\" loading=\"lazy\" class=\"size-medium wp-image-49 aligncenter\" src=\"https:\/\/i2.wp.com\/biker-of-mars.fr\/wp-content\/uploads\/2017\/09\/avatar.jpg?resize=225%2C300\" alt=\"\" srcset=\"https:\/\/i2.wp.com\/biker-of-mars.fr\/wp-content\/uploads\/2017\/09\/avatar.jpg?resize=225%2C300 225w, https:\/\/i2.wp.com\/biker-of-mars.fr\/wp-content\/uploads\/2017\/09\/avatar.jpg?w=768 768w\" sizes=\"(max-width: 225px) 100vw, 225px\" data-recalc-dims=\"1\" \/><\/p>\n<p><strong>Biker of Mars ?<\/strong> Car je m&rsquo;appr\u00eate \u00e0 sillonner la plan\u00e8te Mars \u00e0 v\u00e9lo apr\u00e8s la plan\u00e8te Marseille, mon fief natal. Et puis aussi parce que le v\u00e9lo est formidable espace de libert\u00e9, de d\u00e9couverte. Cette page pour partager mes instants \u00e0 2 roues en Asie et ailleurs&#8230;<\/p>\n<p><strong>Actus r\u00e9centes :<\/strong> mon dernier voyage \u00e9tait en Ecosse en mai. J&rsquo;ai fait le tour de Highlands sur la NC500, route de 500 miles (850 km) et 10 000 m de d\u00e9nivel\u00e9. Ouch !<\/p>\n<p>Let&rsquo;s go for a ride !!!<\/p>\n<div class=\"sharedaddy sd-sharing-enabled\"><div class=\"robots-nocontent sd-block sd-social sd-social-icon sd-sharing\"><h3 class=\"sd-title\">Partager&nbsp;:<\/h3><div class=\"sd-content\"><ul><li class=\"share-twitter\"><a rel=\"nofollow\" data-shared=\"sharing-twitter-47\" class=\"share-twitter sd-button share-icon no-text\" href=\"http:\/\/biker-of-mars.fr\/index.php\/qui-suis-je\/?share=twitter\" target=\"_blank\" title=\"Cliquez pour partager sur Twitter\"><span><\/span><span class=\"sharing-screen-reader-text\">Cliquez pour partager sur Twitter(ouvre dans une nouvelle fen\u00eatre)<\/span><\/a><\/li><li class=\"share-facebook\"><a rel=\"nofollow\" data-shared=\"sharing-facebook-47\" class=\"share-facebook sd-button share-icon no-text\" href=\"http:\/\/biker-of-mars.fr\/index.php\/qui-suis-je\/?share=facebook\" target=\"_blank\" title=\"Cliquez pour partager sur Facebook\"><span><\/span><span class=\"sharing-screen-reader-text\">Cliquez pour partager sur Facebook(ouvre dans une nouvelle fen\u00eatre)<\/span><\/a><\/li><li class=\"share-google-plus-1\"><a rel=\"nofollow\" data-shared=\"sharing-google-47\" class=\"share-google-plus-1 sd-button share-icon no-text\" href=\"http:\/\/biker-of-mars.fr\/index.php\/qui-suis-je\/?share=google-plus-1\" target=\"_blank\" title=\"Cliquez pour partager sur Google+\"><span><\/span><span class=\"sharing-screen-reader-text\">Cliquez pour partager sur Google+(ouvre dans une nouvelle fen\u00eatre)<\/span><\/a><\/li><li class=\"share-end\"><\/li><\/ul><\/div><\/div><\/div><div class='sharedaddy sd-block sd-like jetpack-likes-widget-wrapper jetpack-likes-widget-unloaded' id='like-post-wrapper-135239069-47-69f4ee8b5ce8b' data-src='https:\/\/widgets.wp.com\/likes\/#blog_id=135239069&amp;post_id=47&amp;origin=biker-of-mars.fr&amp;obj_id=135239069-47-69f4ee8b5ce8b' data-name='like-post-frame-135239069-47-69f4ee8b5ce8b'><h3 class=\"sd-title\">WordPress:<\/h3><div class='likes-widget-placeholder post-likes-widget-placeholder' style='height: 55px;'><span class='button'><span>J&#039;aime<\/span><\/span> <span class=\"loading\">chargement&hellip;<\/span><\/div><span class='sd-text-color'><\/span><a class='sd-link-color'><\/a><\/div>","protected":false},"excerpt":{"rendered":"<p>Biker of Mars ? Car je m&rsquo;appr\u00eate \u00e0 sillonner la plan\u00e8te Mars \u00e0 v\u00e9lo apr\u00e8s la plan\u00e8te Marseille, mon fief natal. Et puis aussi parce que le v\u00e9lo est formidable espace de libert\u00e9, de d\u00e9couverte. Cette page pour partager mes instants \u00e0 2 roues en Asie et ailleurs&#8230; Actus r\u00e9centes : mon dernier voyage \u00e9tait<\/p>\n<footer class=\"entry-footer index-entry\">\n<div class=\"post-social pull-left\"><a href=\"https:\/\/www.facebook.com\/sharer\/sharer.php?u=http%3A%2F%2Fbiker-of-mars.fr%2Findex.php%2Fqui-suis-je%2F\" target=\"_blank\" class=\"social-icons\"><i class=\"fa fa-facebook\" aria-hidden=\"true\"><\/i><\/a><a href=\"https:\/\/twitter.com\/home?status=http%3A%2F%2Fbiker-of-mars.fr%2Findex.php%2Fqui-suis-je%2F\" target=\"_blank\" class=\"social-icons\"><i class=\"fa fa-twitter\" aria-hidden=\"true\"><\/i><\/a><a href=\"https:\/\/www.linkedin.com\/shareArticle?mini=true&#038;url=http%3A%2F%2Fbiker-of-mars.fr%2Findex.php%2Fqui-suis-je%2F&#038;title=Qui+suis-je+%3F\" target=\"_blank\" class=\"social-icons\"><i class=\"fa fa-linkedin\" aria-hidden=\"true\"><\/i><\/a><\/div>\n<p class=\"link-more\"><a href=\"http:\/\/biker-of-mars.fr\/index.php\/qui-suis-je\/\" class=\"more-link\">Continue reading <span class=\"meta-nav\">\u2192<\/span><\/a><\/p>\n<\/footer>\n<div class=\"sharedaddy sd-sharing-enabled\"><div class=\"robots-nocontent sd-block sd-social sd-social-icon sd-sharing\"><h3 class=\"sd-title\">Partager&nbsp;:<\/h3><div class=\"sd-content\"><ul><li class=\"share-twitter\"><a rel=\"nofollow\" data-shared=\"sharing-twitter-47\" class=\"share-twitter sd-button share-icon no-text\" href=\"http:\/\/biker-of-mars.fr\/index.php\/qui-suis-je\/?share=twitter\" target=\"_blank\" title=\"Cliquez pour partager sur Twitter\"><span><\/span><span class=\"sharing-screen-reader-text\">Cliquez pour partager sur Twitter(ouvre dans une nouvelle fen\u00eatre)<\/span><\/a><\/li><li class=\"share-facebook\"><a rel=\"nofollow\" data-shared=\"sharing-facebook-47\" class=\"share-facebook sd-button share-icon no-text\" href=\"http:\/\/biker-of-mars.fr\/index.php\/qui-suis-je\/?share=facebook\" target=\"_blank\" title=\"Cliquez pour partager sur Facebook\"><span><\/span><span class=\"sharing-screen-reader-text\">Cliquez pour partager sur Facebook(ouvre dans une nouvelle fen\u00eatre)<\/span><\/a><\/li><li class=\"share-google-plus-1\"><a rel=\"nofollow\" data-shared=\"sharing-google-47\" class=\"share-google-plus-1 sd-button share-icon no-text\" href=\"http:\/\/biker-of-mars.fr\/index.php\/qui-suis-je\/?share=google-plus-1\" target=\"_blank\" title=\"Cliquez pour partager sur Google+\"><span><\/span><span class=\"sharing-screen-reader-text\">Cliquez pour partager sur Google+(ouvre dans une nouvelle fen\u00eatre)<\/span><\/a><\/li><li class=\"share-end\"><\/li><\/ul><\/div><\/div><\/div><div class='sharedaddy sd-block sd-like jetpack-likes-widget-wrapper jetpack-likes-widget-unloaded' id='like-post-wrapper-135239069-47-69f4ee8b5d84e' data-src='https:\/\/widgets.wp.com\/likes\/#blog_id=135239069&amp;post_id=47&amp;origin=biker-of-mars.fr&amp;obj_id=135239069-47-69f4ee8b5d84e' data-name='like-post-frame-135239069-47-69f4ee8b5d84e'><h3 class=\"sd-title\">WordPress:<\/h3><div class='likes-widget-placeholder post-likes-widget-placeholder' style='height: 55px;'><span class='button'><span>J&#039;aime<\/span><\/span> <span class=\"loading\">chargement&hellip;<\/span><\/div><span class='sd-text-color'><\/span><a class='sd-link-color'><\/a><\/div>","protected":false},"author":1,"featured_media":0,"parent":0,"menu_order":1,"comment_status":"closed","ping_status":"closed","template":"","meta":[],"_links":{"self":[{"href":"http:\/\/biker-of-mars.fr\/index.php\/wp-json\/wp\/v2\/pages\/47"}],"collection":[{"href":"http:\/\/biker-of-mars.fr\/index.php\/wp-json\/wp\/v2\/pages"}],"about":[{"href":"http:\/\/biker-of-mars.fr\/index.php\/wp-json\/wp\/v2\/types\/page"}],"author":[{"embeddable":true,"href":"http:\/\/biker-of-mars.fr\/index.php\/wp-json\/wp\/v2\/users\/1"}],"replies":[{"embeddable":true,"href":"http:\/\/biker-of-mars.fr\/index.php\/wp-json\/wp\/v2\/comments?post=47"}],"version-history":[{"count":3,"href":"http:\/\/biker-of-mars.fr\/index.php\/wp-json\/wp\/v2\/pages\/47\/revisions"}],"predecessor-version":[{"id":559,"href":"http:\/\/biker-of-mars.fr\/index.php\/wp-json\/wp\/v2\/pages\/47\/revisions\/559"}],"wp:attachment":[{"href":"http:\/\/biker-of-mars.fr\/index.php\/wp-json\/wp\/v2\/media?parent=47"}],"curies":[{"name":"wp","href":"https:\/\/api.w.org\/{rel}","templated":true}]}}